{"id":10817,"date":"2024-11-05T20:10:37","date_gmt":"2024-11-05T17:10:37","guid":{"rendered":"https:\/\/www.pramoprefabrik.com\/?post_type=product&#038;p=10817"},"modified":"2025-02-26T21:06:14","modified_gmt":"2025-02-26T18:06:14","slug":"%d9%85%d8%a8%d9%86%d9%89-%d9%85%d9%83%d8%a7%d8%aa%d8%a8-%d9%85%d8%b3%d8%a8%d9%82-%d8%a7%d9%84%d8%b5%d9%86%d8%b9-%d9%85%d9%83%d9%88%d9%86-%d9%85%d9%86-%d8%b7%d8%a7%d8%a8%d9%82%d9%8a%d9%86-%d8%a8-2","status":"publish","type":"product","link":"https:\/\/www.pramoprefabricated.com\/ar\/hazir-sistem\/%d9%85%d8%a8%d9%86%d9%89-%d9%85%d9%83%d8%a7%d8%aa%d8%a8-%d9%85%d8%b3%d8%a8%d9%82-%d8%a7%d9%84%d8%b5%d9%86%d8%b9-%d9%85%d9%83%d9%88%d9%86-%d9%85%d9%86-%d8%b7%d8%a7%d8%a8%d9%82%d9%8a%d9%86-%d8%a8-2\/","title":{"rendered":"\u0645\u0628\u0646\u0649 \u0645\u0643\u0627\u062a\u0628 \u0645\u0633\u0628\u0642 \u0627\u0644\u0635\u0646\u0639 \u0645\u0643\u0648\u0646 \u0645\u0646 \u0637\u0627\u0628\u0642\u064a\u0646 \u0628\u0645\u0633\u0627\u062d\u0629 628 \u0645\u062a\u0631\u064b\u0627 \u0645\u0631\u0628\u0639\u064b\u0627"},"content":{"rendered":"","protected":false},"excerpt":{"rendered":"<p>Zemin katta m\u00fcd\u00fcr odas\u0131, ofis alanlar\u0131, mutfak ve tuvaletler bulunurken; birinci katta toplant\u0131 salonu ve daha fazla ofis alan\u0131 yer almaktad\u0131r. Zemin kat\u0131n merkezinde geni\u015f bir koridor, her iki tarafa kolay eri\u015fim sa\u011flamakta olup, bu alan hem \u00e7al\u0131\u015fanlar hem de ziyaret\u00e7iler i\u00e7in rahat bir ge\u00e7i\u015f imk\u00e2n\u0131 sunmaktad\u0131r. M\u00fcd\u00fcr odas\u0131 34 m\u00b2 olup, y\u00f6neticilere \u00f6zel bir alan sunar. \u00c7e\u015fitli b\u00fcy\u00fckl\u00fcklerdeki ofisler, \u00e7al\u0131\u015fma ihtiya\u00e7lar\u0131n\u0131 kar\u015f\u0131layacak \u015fekilde tasarlanm\u0131\u015ft\u0131r.<\/p>\n<p>Birinci katta 32 m\u00b2\u2019lik bir toplant\u0131 salonu, i\u015f g\u00f6r\u00fc\u015fmeleri ve ekip \u00e7al\u0131\u015fmalar\u0131 i\u00e7in ideal bir ortam sa\u011flamaktad\u0131r. Her iki katta da farkl\u0131 b\u00fcy\u00fckl\u00fcklerde ofis alanlar\u0131, konforlu ve fonksiyonel \u00e7al\u0131\u015fma alanlar\u0131 sunar. Mod\u00fcler yap\u0131s\u0131 sayesinde h\u0131zl\u0131 bir \u015fekilde kurulabilen bu ofis binas\u0131, ta\u015f\u0131nabilir ve esnek yap\u0131s\u0131yla \u015fantiye, ge\u00e7ici ofis veya kal\u0131c\u0131 i\u015f yerleri i\u00e7in idealdir.<\/p>\n","protected":false},"featured_media":10819,"comment_status":"open","ping_status":"closed","template":"","meta":[],"product_brand":[],"product_cat":[54],"product_tag":[],"class_list":{"0":"post-10817","1":"product","2":"type-product","3":"status-publish","4":"has-post-thumbnail","6":"product_cat-54","8":"first","9":"instock","10":"shipping-taxable","11":"product-type-simple"},"_links":{"self":[{"href":"https:\/\/www.pramoprefabricated.com\/ar\/wp-json\/wp\/v2\/product\/10817","targetHints":{"allow":["GET"]}}],"collection":[{"href":"https:\/\/www.pramoprefabricated.com\/ar\/wp-json\/wp\/v2\/product"}],"about":[{"href":"https:\/\/www.pramoprefabricated.com\/ar\/wp-json\/wp\/v2\/types\/product"}],"replies":[{"embeddable":true,"href":"https:\/\/www.pramoprefabricated.com\/ar\/wp-json\/wp\/v2\/comments?post=10817"}],"wp:featuredmedia":[{"embeddable":true,"href":"https:\/\/www.pramoprefabricated.com\/ar\/wp-json\/wp\/v2\/media\/10819"}],"wp:attachment":[{"href":"https:\/\/www.pramoprefabricated.com\/ar\/wp-json\/wp\/v2\/media?parent=10817"}],"wp:term":[{"taxonomy":"product_brand","embeddable":true,"href":"https:\/\/www.pramoprefabricated.com\/ar\/wp-json\/wp\/v2\/product_brand?post=10817"},{"taxonomy":"product_cat","embeddable":true,"href":"https:\/\/www.pramoprefabricated.com\/ar\/wp-json\/wp\/v2\/product_cat?post=10817"},{"taxonomy":"product_tag","embeddable":true,"href":"https:\/\/www.pramoprefabricated.com\/ar\/wp-json\/wp\/v2\/product_tag?post=10817"}],"curies":[{"name":"wp","href":"https:\/\/api.w.org\/{rel}","templated":true}]}}