{"id":10821,"date":"2024-11-05T20:12:10","date_gmt":"2024-11-05T17:12:10","guid":{"rendered":"https:\/\/www.pramoprefabrik.com\/?post_type=product&#038;p=10821"},"modified":"2025-02-26T21:06:05","modified_gmt":"2025-02-26T18:06:05","slug":"%d9%85%d8%a8%d9%86%d9%89-%d9%85%d9%83%d8%a7%d8%aa%d8%a8-%d9%85%d8%b3%d8%a8%d9%82-%d8%a7%d9%84%d8%b5%d9%86%d8%b9-%d9%85%d9%83%d9%88%d9%86-%d9%85%d9%86-%d8%b7%d8%a7%d8%a8%d9%82%d9%8a%d9%86-%d8%a8%d9%85","status":"publish","type":"product","link":"https:\/\/www.pramoprefabricated.com\/ar\/hazir-sistem\/%d9%85%d8%a8%d9%86%d9%89-%d9%85%d9%83%d8%a7%d8%aa%d8%a8-%d9%85%d8%b3%d8%a8%d9%82-%d8%a7%d9%84%d8%b5%d9%86%d8%b9-%d9%85%d9%83%d9%88%d9%86-%d9%85%d9%86-%d8%b7%d8%a7%d8%a8%d9%82%d9%8a%d9%86-%d8%a8%d9%85\/","title":{"rendered":"\u0645\u0628\u0646\u0649 \u0645\u0643\u0627\u062a\u0628 \u0645\u0633\u0628\u0642 \u0627\u0644\u0635\u0646\u0639 \u0645\u0643\u0648\u0646 \u0645\u0646 \u0637\u0627\u0628\u0642\u064a\u0646 \u0628\u0645\u0633\u0627\u062d\u0629 484 \u0645\u062a\u0631\u064b\u0627 \u0645\u0631\u0628\u0639\u064b\u0627"},"content":{"rendered":"","protected":false},"excerpt":{"rendered":"<p>Zemin katta 34 m\u00b2\u2019lik geni\u015f bir toplant\u0131 salonu, 18 m\u00b2\u2019lik bir mutfak ve \u00e7ay oca\u011f\u0131 alan\u0131, ziyaret\u00e7ilerin rahat\u00e7a a\u011f\u0131rlanabilece\u011fi bir bekleme ve ziyaret\u00e7i salonu yer almaktad\u0131r. Ayr\u0131ca, 9 m\u00b2\u2019lik bir sekreter odas\u0131 ve \u00e7e\u015fitli b\u00fcy\u00fckl\u00fcklerde ofis alanlar\u0131 ile \u00e7al\u0131\u015fanlar\u0131n konforlu ve d\u00fczenli bir \u015fekilde \u00e7al\u0131\u015fabilmeleri i\u00e7in gerekli alan sa\u011flanm\u0131\u015ft\u0131r.<\/p>\n<p>Birinci katta ise 34 m\u00b2\u2019lik proje m\u00fcd\u00fcr\u00fc odas\u0131 ve ilave ofis alanlar\u0131 bulunmaktad\u0131r. Bu kat, geni\u015f koridoruyla her iki taraf\u0131nda ofisleri eri\u015filebilir hale getirmektedir. 14 m\u00b2 ve 18 m\u00b2 b\u00fcy\u00fckl\u00fc\u011f\u00fcndeki ofisler, farkl\u0131 departmanlar veya i\u015flevsel ihtiya\u00e7lar i\u00e7in uygun alanlar sunmaktad\u0131r. H\u0131zl\u0131 kurulabilir ve esnek yap\u0131s\u0131 ile bu ofis binas\u0131, ge\u00e7ici veya kal\u0131c\u0131 ofis ihtiya\u00e7lar\u0131 i\u00e7in ideal bir \u00e7\u00f6z\u00fcmd\u00fcr. Sa\u011flad\u0131\u011f\u0131 ergonomik ve modern d\u00fczen, profesyonel i\u015f ortamlar\u0131na uyum sa\u011flar.<\/p>\n","protected":false},"featured_media":10823,"comment_status":"open","ping_status":"closed","template":"","meta":[],"product_brand":[],"product_cat":[54],"product_tag":[],"class_list":{"0":"post-10821","1":"product","2":"type-product","3":"status-publish","4":"has-post-thumbnail","6":"product_cat-54","8":"first","9":"instock","10":"shipping-taxable","11":"product-type-simple"},"_links":{"self":[{"href":"https:\/\/www.pramoprefabricated.com\/ar\/wp-json\/wp\/v2\/product\/10821","targetHints":{"allow":["GET"]}}],"collection":[{"href":"https:\/\/www.pramoprefabricated.com\/ar\/wp-json\/wp\/v2\/product"}],"about":[{"href":"https:\/\/www.pramoprefabricated.com\/ar\/wp-json\/wp\/v2\/types\/product"}],"replies":[{"embeddable":true,"href":"https:\/\/www.pramoprefabricated.com\/ar\/wp-json\/wp\/v2\/comments?post=10821"}],"wp:featuredmedia":[{"embeddable":true,"href":"https:\/\/www.pramoprefabricated.com\/ar\/wp-json\/wp\/v2\/media\/10823"}],"wp:attachment":[{"href":"https:\/\/www.pramoprefabricated.com\/ar\/wp-json\/wp\/v2\/media?parent=10821"}],"wp:term":[{"taxonomy":"product_brand","embeddable":true,"href":"https:\/\/www.pramoprefabricated.com\/ar\/wp-json\/wp\/v2\/product_brand?post=10821"},{"taxonomy":"product_cat","embeddable":true,"href":"https:\/\/www.pramoprefabricated.com\/ar\/wp-json\/wp\/v2\/product_cat?post=10821"},{"taxonomy":"product_tag","embeddable":true,"href":"https:\/\/www.pramoprefabricated.com\/ar\/wp-json\/wp\/v2\/product_tag?post=10821"}],"curies":[{"name":"wp","href":"https:\/\/api.w.org\/{rel}","templated":true}]}}